{"id":251,"date":"2022-12-30T19:55:24","date_gmt":"2022-12-30T18:55:24","guid":{"rendered":"https:\/\/rising-bits.com\/?page_id=251"},"modified":"2023-04-28T09:46:09","modified_gmt":"2023-04-28T07:46:09","slug":"profil","status":"publish","type":"page","link":"https:\/\/rising-bits.com\/en\/profil\/","title":{"rendered":"Profil"},"content":{"rendered":"<h1 class=\"wp-block-heading\">Wer steckt hinter Rising Bits?<\/h1>\n\n\n\n<figure class=\"wp-block-image alignwide size-large has-custom-border is-style-default\"><img data-opt-id=1628040777  fetchpriority=\"high\" data-recalc-dims=\"1\" decoding=\"async\" width=\"1024\" height=\"683\" src=\"https:\/\/mlmwwmq2k3up.i.optimole.com\/w:auto\/h:auto\/q:mauto\/f:best\/https:\/\/i0.wp.com\/rising-bits.com\/wp-content\/uploads\/2022\/12\/Andi-Werner-Foto-3807-web-2.jpg?resize=1024%2C683&#038;ssl=1\" alt=\"Portrait von Christopher Queiser\" class=\"wp-image-252\" style=\"border-style:none;border-width:0px\" srcset=\"https:\/\/mlmwwmq2k3up.i.optimole.com\/w:1024\/h:1080\/q:mauto\/f:best\/https:\/\/rising-bits.com\/wp-content\/uploads\/2022\/12\/Andi-Werner-Foto-3807-web-2.jpg 1024w, https:\/\/mlmwwmq2k3up.i.optimole.com\/w:300\/h:1080\/q:mauto\/f:best\/https:\/\/rising-bits.com\/wp-content\/uploads\/2022\/12\/Andi-Werner-Foto-3807-web-2.jpg 300w, https:\/\/mlmwwmq2k3up.i.optimole.com\/w:768\/h:1080\/q:mauto\/f:best\/https:\/\/rising-bits.com\/wp-content\/uploads\/2022\/12\/Andi-Werner-Foto-3807-web-2.jpg 768w, https:\/\/mlmwwmq2k3up.i.optimole.com\/w:18\/h:1080\/q:mauto\/f:best\/https:\/\/rising-bits.com\/wp-content\/uploads\/2022\/12\/Andi-Werner-Foto-3807-web-2.jpg 18w, https:\/\/mlmwwmq2k3up.i.optimole.com\/w:600\/h:1080\/q:mauto\/f:best\/https:\/\/rising-bits.com\/wp-content\/uploads\/2022\/12\/Andi-Werner-Foto-3807-web-2.jpg 600w, https:\/\/mlmwwmq2k3up.i.optimole.com\/w:1050\/h:700\/q:mauto\/f:best\/https:\/\/rising-bits.com\/wp-content\/uploads\/2022\/12\/Andi-Werner-Foto-3807-web-2.jpg 1050w, https:\/\/mlmwwmq2k3up.i.optimole.com\/w:1050\/h:700\/q:mauto\/f:best\/dpr:2\/https:\/\/rising-bits.com\/wp-content\/uploads\/2022\/12\/Andi-Werner-Foto-3807-web-2.jpg 2x\" sizes=\"(max-width: 1000px) 100vw, 1000px\" \/><\/figure>\n\n\n\n<p>Rising Bits wurde im Jahr 2020 von Christopher Queiser in Berlin gegr\u00fcndet. Rising Bits hat sich darauf spezialisiert professionelles Software-Consulting anzubieten. <\/p>\n\n\n\n<p>Mit voller Leidenschaft f\u00fcr die Programmierung f\u00fcr Online-Services werden die Probleme vom Auftraggeber analysiert, bewertet und schlussendlich zur vollen Zufriedenheit gel\u00f6st.<\/p>\n\n\n\n<div class=\"wp-block-columns alignwide has-text-color has-background is-layout-flex wp-container-core-columns-is-layout-d7d455e7 wp-block-columns-is-layout-flex\" style=\"color:#000000;background-color:#ffffff;padding-top:0;padding-right:0;padding-bottom:0;padding-left:0\">\n<div class=\"wp-block-column is-layout-flow wp-block-column-is-layout-flow\">\n<h4 class=\"wp-block-heading\" style=\"line-height:1.3\">Backend Entwicklung<\/h4>\n\n\n\n<p>Rising Bits bietet Backend Entwicklung haupts\u00e4chlich mit Java Spring Boot oder node.js an.<\/p>\n<\/div>\n\n\n\n<div class=\"wp-block-column is-layout-flow wp-block-column-is-layout-flow\">\n<h4 class=\"wp-block-heading\" style=\"line-height:1.3\">Fehlersuche<\/h4>\n\n\n\n<p>Rising Bits ist ebenfalls sehr erfolgreich wenn es darum geht einen Fehler im (alt) System zu finden und risikoarm zu beheben.<\/p>\n<\/div>\n\n\n\n<div class=\"wp-block-column is-layout-flow wp-block-column-is-layout-flow\">\n<h4 class=\"wp-block-heading\">Datenmigration<\/h4>\n\n\n\n<p>Rising Bits hat \u00fcber mehrere Projekte viel Erfahrung gesammelt Daten von einem alten System in das aktuellste System zu \u00fcberf\u00fchren.<\/p>\n<\/div>\n\n\n\n<div class=\"wp-block-column is-layout-flow wp-block-column-is-layout-flow\">\n<h4 class=\"wp-block-heading\" style=\"line-height:1.3\">Cloud Architektur<\/h4>\n\n\n\n<p>Rising Bits unterst\u00fctzt gern bei der Erstellung neuer Systemlandschaften oder bei der Erweiterung und Verbesserung der bisherigen AWS Cloud Architektur.<\/p>\n<\/div>\n<\/div>\n\n\n\n<h2 class=\"wp-block-heading\">Kunden (Auszug)<\/h2>\n\n\n\n<div class=\"wp-block-media-text alignwide is-stacked-on-mobile is-vertically-aligned-center\" style=\"grid-template-columns:18% auto\"><figure class=\"wp-block-media-text__media\"><img data-opt-id=1515113278  fetchpriority=\"high\" decoding=\"async\" src=\"https:\/\/mlmwwmq2k3up.i.optimole.com\/w:auto\/h:auto\/q:mauto\/f:best\/ig:avif\/https:\/\/rising-bits.com\/wp-content\/uploads\/2023\/01\/ImmoScout24_Logo_2020.svg\" alt=\"\" class=\"wp-image-268 size-full\"\/><\/figure><div class=\"wp-block-media-text__content\">\n<h3 class=\"wp-block-heading\">ImmoScout 24<\/h3>\n\n\n\n<p>Mit dem digitalen Marktplatz ImmoScout24 f\u00fcr Wohn- und Gewerbeimmobilien bringen wir Hausbesitzer, Makler, Mieter und K\u00e4ufer erfolgreich zusammen &#8211; und das seit mehr als 20 Jahren. Mit mehr als 20 Millionen Nutzern pro Monat auf unserer Website oder App ist ImmoScout24 Marktf\u00fchrer f\u00fcr die digitale Immobilienanzeige und -suche.<\/p>\n<\/div><\/div>\n\n\n\n<div class=\"wp-block-media-text alignwide is-stacked-on-mobile is-vertically-aligned-center\" style=\"grid-template-columns:18% auto\"><figure class=\"wp-block-media-text__media\"><img data-opt-id=2019347020  fetchpriority=\"high\" data-recalc-dims=\"1\" decoding=\"async\" width=\"1024\" height=\"1024\" src=\"https:\/\/mlmwwmq2k3up.i.optimole.com\/w:auto\/h:auto\/q:mauto\/f:best\/https:\/\/i0.wp.com\/rising-bits.com\/wp-content\/uploads\/2022\/12\/D433F120-5E31-4B90-83A9-5B3591C72927.png?resize=1024%2C1024&#038;ssl=1\" alt=\"\" class=\"wp-image-256 size-full\" srcset=\"https:\/\/mlmwwmq2k3up.i.optimole.com\/w:1024\/h:1080\/q:mauto\/f:best\/https:\/\/rising-bits.com\/wp-content\/uploads\/2022\/12\/D433F120-5E31-4B90-83A9-5B3591C72927.png 1024w, https:\/\/mlmwwmq2k3up.i.optimole.com\/w:300\/h:1080\/q:mauto\/f:best\/https:\/\/rising-bits.com\/wp-content\/uploads\/2022\/12\/D433F120-5E31-4B90-83A9-5B3591C72927.png 300w, https:\/\/mlmwwmq2k3up.i.optimole.com\/w:150\/h:1080\/q:mauto\/f:best\/https:\/\/rising-bits.com\/wp-content\/uploads\/2022\/12\/D433F120-5E31-4B90-83A9-5B3591C72927.png 150w, https:\/\/mlmwwmq2k3up.i.optimole.com\/w:768\/h:1080\/q:mauto\/f:best\/https:\/\/rising-bits.com\/wp-content\/uploads\/2022\/12\/D433F120-5E31-4B90-83A9-5B3591C72927.png 768w, https:\/\/mlmwwmq2k3up.i.optimole.com\/w:12\/h:1080\/q:mauto\/f:best\/https:\/\/rising-bits.com\/wp-content\/uploads\/2022\/12\/D433F120-5E31-4B90-83A9-5B3591C72927.png 12w, https:\/\/mlmwwmq2k3up.i.optimole.com\/w:600\/h:1080\/q:mauto\/f:best\/https:\/\/rising-bits.com\/wp-content\/uploads\/2022\/12\/D433F120-5E31-4B90-83A9-5B3591C72927.png 600w, https:\/\/mlmwwmq2k3up.i.optimole.com\/w:100\/h:1080\/q:mauto\/f:best\/https:\/\/rising-bits.com\/wp-content\/uploads\/2022\/12\/D433F120-5E31-4B90-83A9-5B3591C72927.png 100w, https:\/\/mlmwwmq2k3up.i.optimole.com\/w:1080\/h:1080\/q:mauto\/f:best\/https:\/\/rising-bits.com\/wp-content\/uploads\/2022\/12\/D433F120-5E31-4B90-83A9-5B3591C72927.png 1280w, https:\/\/mlmwwmq2k3up.i.optimole.com\/w:1080\/h:1080\/q:mauto\/f:best\/dpr:2\/https:\/\/rising-bits.com\/wp-content\/uploads\/2022\/12\/D433F120-5E31-4B90-83A9-5B3591C72927.png 2x\" sizes=\"(max-width: 1000px) 100vw, 1000px\" \/><\/figure><div class=\"wp-block-media-text__content\">\n<h3 class=\"wp-block-heading\">Flowfact<\/h3>\n\n\n\n<p>FLOWFACT ist ein deutsches Unternehmen, das Softwarel\u00f6sungen f\u00fcr die Immobilienbranche anbietet. Das Unternehmen hat seinen Sitz in K\u00f6ln und bietet eine CRM-Software an, die speziell f\u00fcr die Anforderungen von Immobilienmaklern entwickelt wurde. Die Software erm\u00f6glicht es Immobilienmaklern, ihre Kundenbeziehungen zu verwalten, Immobilienangebote zu erstellen und zu verwalten sowie Marketing- und Vertriebsaktivit\u00e4ten zu automatisieren. Flowfact ist Teil der ImmobilienScout24-Gruppe, einem der f\u00fchrenden Online-Marktpl\u00e4tze f\u00fcr Immobilien in Deutschland.<\/p>\n<\/div><\/div>\n\n\n\n<div class=\"wp-block-media-text alignwide is-stacked-on-mobile is-vertically-aligned-center\" style=\"grid-template-columns:18% auto\"><figure class=\"wp-block-media-text__media\"><img data-opt-id=4548531  data-opt-src=\"https:\/\/mlmwwmq2k3up.i.optimole.com\/w:auto\/h:auto\/q:mauto\/f:best\/https:\/\/i0.wp.com\/rising-bits.com\/wp-content\/uploads\/2023\/04\/5cb3449e2edee0228b82dd92_Logo-Propstack.png\"  data-recalc-dims=\"1\" decoding=\"async\" width=\"1024\" height=\"179\" src=\"https:\/\/mlmwwmq2k3up.i.optimole.com\/w:auto\/h:auto\/q:eco\/f:best\/https:\/\/i0.wp.com\/rising-bits.com\/wp-content\/uploads\/2023\/04\/5cb3449e2edee0228b82dd92_Logo-Propstack.png?resize=1024%2C179&#038;ssl=1\" alt=\"\" class=\"wp-image-588 size-full\" old-srcset=\"https:\/\/mlmwwmq2k3up.i.optimole.com\/w:1024\/h:1080\/q:mauto\/f:best\/https:\/\/rising-bits.com\/wp-content\/uploads\/2023\/04\/5cb3449e2edee0228b82dd92_Logo-Propstack.png 1024w, https:\/\/mlmwwmq2k3up.i.optimole.com\/w:300\/h:1080\/q:mauto\/f:best\/https:\/\/rising-bits.com\/wp-content\/uploads\/2023\/04\/5cb3449e2edee0228b82dd92_Logo-Propstack.png 300w, https:\/\/mlmwwmq2k3up.i.optimole.com\/w:768\/h:1080\/q:mauto\/f:best\/https:\/\/rising-bits.com\/wp-content\/uploads\/2023\/04\/5cb3449e2edee0228b82dd92_Logo-Propstack.png 768w, https:\/\/mlmwwmq2k3up.i.optimole.com\/w:1536\/h:1080\/q:mauto\/f:best\/https:\/\/rising-bits.com\/wp-content\/uploads\/2023\/04\/5cb3449e2edee0228b82dd92_Logo-Propstack.png 1536w, https:\/\/mlmwwmq2k3up.i.optimole.com\/w:18\/h:1080\/q:mauto\/f:best\/https:\/\/rising-bits.com\/wp-content\/uploads\/2023\/04\/5cb3449e2edee0228b82dd92_Logo-Propstack.png 18w, https:\/\/mlmwwmq2k3up.i.optimole.com\/w:1320\/h:1080\/q:mauto\/f:best\/https:\/\/rising-bits.com\/wp-content\/uploads\/2023\/04\/5cb3449e2edee0228b82dd92_Logo-Propstack.png 1320w, https:\/\/mlmwwmq2k3up.i.optimole.com\/w:600\/h:1080\/q:mauto\/f:best\/https:\/\/rising-bits.com\/wp-content\/uploads\/2023\/04\/5cb3449e2edee0228b82dd92_Logo-Propstack.png 600w, https:\/\/mlmwwmq2k3up.i.optimole.com\/w:1617\/h:283\/q:mauto\/f:best\/https:\/\/rising-bits.com\/wp-content\/uploads\/2023\/04\/5cb3449e2edee0228b82dd92_Logo-Propstack.png 1617w, https:\/\/mlmwwmq2k3up.i.optimole.com\/w:1617\/h:283\/q:mauto\/f:best\/dpr:2\/https:\/\/rising-bits.com\/wp-content\/uploads\/2023\/04\/5cb3449e2edee0228b82dd92_Logo-Propstack.png 2x\" \/><noscript><img data-opt-id=4548531  data-recalc-dims=\"1\" decoding=\"async\" width=\"1024\" height=\"179\" src=\"https:\/\/mlmwwmq2k3up.i.optimole.com\/w:auto\/h:auto\/q:mauto\/f:best\/https:\/\/i0.wp.com\/rising-bits.com\/wp-content\/uploads\/2023\/04\/5cb3449e2edee0228b82dd92_Logo-Propstack.png?resize=1024%2C179&#038;ssl=1\" alt=\"\" class=\"wp-image-588 size-full\" srcset=\"https:\/\/mlmwwmq2k3up.i.optimole.com\/w:1024\/h:1080\/q:mauto\/f:best\/https:\/\/rising-bits.com\/wp-content\/uploads\/2023\/04\/5cb3449e2edee0228b82dd92_Logo-Propstack.png 1024w, https:\/\/mlmwwmq2k3up.i.optimole.com\/w:300\/h:1080\/q:mauto\/f:best\/https:\/\/rising-bits.com\/wp-content\/uploads\/2023\/04\/5cb3449e2edee0228b82dd92_Logo-Propstack.png 300w, https:\/\/mlmwwmq2k3up.i.optimole.com\/w:768\/h:1080\/q:mauto\/f:best\/https:\/\/rising-bits.com\/wp-content\/uploads\/2023\/04\/5cb3449e2edee0228b82dd92_Logo-Propstack.png 768w, https:\/\/mlmwwmq2k3up.i.optimole.com\/w:1536\/h:1080\/q:mauto\/f:best\/https:\/\/rising-bits.com\/wp-content\/uploads\/2023\/04\/5cb3449e2edee0228b82dd92_Logo-Propstack.png 1536w, https:\/\/mlmwwmq2k3up.i.optimole.com\/w:18\/h:1080\/q:mauto\/f:best\/https:\/\/rising-bits.com\/wp-content\/uploads\/2023\/04\/5cb3449e2edee0228b82dd92_Logo-Propstack.png 18w, https:\/\/mlmwwmq2k3up.i.optimole.com\/w:1320\/h:1080\/q:mauto\/f:best\/https:\/\/rising-bits.com\/wp-content\/uploads\/2023\/04\/5cb3449e2edee0228b82dd92_Logo-Propstack.png 1320w, https:\/\/mlmwwmq2k3up.i.optimole.com\/w:600\/h:1080\/q:mauto\/f:best\/https:\/\/rising-bits.com\/wp-content\/uploads\/2023\/04\/5cb3449e2edee0228b82dd92_Logo-Propstack.png 600w, https:\/\/mlmwwmq2k3up.i.optimole.com\/w:1617\/h:283\/q:mauto\/f:best\/https:\/\/rising-bits.com\/wp-content\/uploads\/2023\/04\/5cb3449e2edee0228b82dd92_Logo-Propstack.png 1617w, https:\/\/mlmwwmq2k3up.i.optimole.com\/w:1617\/h:283\/q:mauto\/f:best\/dpr:2\/https:\/\/rising-bits.com\/wp-content\/uploads\/2023\/04\/5cb3449e2edee0228b82dd92_Logo-Propstack.png 2x\" sizes=\"(max-width: 1000px) 100vw, 1000px\" \/></noscript><\/figure><div class=\"wp-block-media-text__content\">\n<h3 class=\"wp-block-heading\">Propstack<\/h3>\n\n\n\n<p>Propstack ist ein PropTech-Unternehmen, das sich auf die Bereitstellung von Daten und Analysen f\u00fcr den deutschen Immobilienmarkt spezialisiert hat. Das Unternehmen bietet eine Datenbank mit umfassenden Informationen \u00fcber Immobilien, darunter Transaktionsdaten, Grundbucheintr\u00e4ge, Planungs- und Baugenehmigungen sowie Informationen zu Vermietung und Verkauf. Propstack nutzt die IT, um diese Informationen zu sammeln, zu verarbeiten und zu analysieren, um Kunden wie Investoren, Entwicklern und Immobilienmaklern fundierte Entscheidungen zu erm\u00f6glichen.<\/p>\n<\/div><\/div>\n\n\n\n<div class=\"wp-block-media-text alignwide is-stacked-on-mobile is-vertically-aligned-center\" style=\"grid-template-columns:18% auto\"><figure class=\"wp-block-media-text__media\"><img data-opt-id=1512593941  data-opt-src=\"https:\/\/mlmwwmq2k3up.i.optimole.com\/w:auto\/h:auto\/q:mauto\/f:best\/ig:avif\/https:\/\/rising-bits.com\/wp-content\/uploads\/2023\/01\/Deutsche_Bahn_AG-Logo.svg\"  decoding=\"async\" src=\"data:image/svg+xml,%3Csvg%20viewBox%3D%220%200%20100%%20100%%22%20width%3D%22100%%22%20height%3D%22100%%22%20xmlns%3D%22http%3A%2F%2Fwww.w3.org%2F2000%2Fsvg%22%3E%3Crect%20width%3D%22100%%22%20height%3D%22100%%22%20fill%3D%22transparent%22%2F%3E%3C%2Fsvg%3E\" alt=\"\" class=\"optimole-lazy-only  wp-image-266 size-full\"\/><noscript><img data-opt-id=1512593941  decoding=\"async\" src=\"https:\/\/mlmwwmq2k3up.i.optimole.com\/w:auto\/h:auto\/q:mauto\/f:best\/ig:avif\/https:\/\/rising-bits.com\/wp-content\/uploads\/2023\/01\/Deutsche_Bahn_AG-Logo.svg\" alt=\"\" class=\"optimole-lazy-only  wp-image-266 size-full\"\/></noscript><\/figure><div class=\"wp-block-media-text__content\">\n<h3 class=\"wp-block-heading\">Deutsche Bahn Connect<\/h3>\n\n\n\n<p>Deutsche Bahn Connect GmbH ist eine Tochtergesellschaft der Deutschen Bahn AG und bietet IT-basierte Mobilit\u00e4tsl\u00f6sungen f\u00fcr Unternehmen und Beh\u00f6rden an. Das Unternehmen konzentriert sich auf die Bereiche Mobilit\u00e4tsmanagement, E-Mobilit\u00e4t und Flottenmanagement und bietet seinen Kunden ma\u00dfgeschneiderte L\u00f6sungen f\u00fcr die Planung und Buchung von Gesch\u00e4ftsreisen sowie f\u00fcr die Verwaltung von Firmenflotten und Elektrofahrzeugen. Ziel ist es, den Kunden eine effiziente und umweltfreundliche Mobilit\u00e4t zu erm\u00f6glichen.<\/p>\n<\/div><\/div>\n\n\n\n<p><\/p>","protected":false},"excerpt":{"rendered":"<p>Wer steckt hinter Rising Bits? Rising Bits wurde im Jahr 2020 von Christopher Queiser in Berlin gegr\u00fcndet. Rising Bits hat [&hellip;]<\/p>\n","protected":false},"author":1,"featured_media":0,"parent":0,"menu_order":0,"comment_status":"closed","ping_status":"closed","template":"","meta":{"inline_featured_image":false,"site-sidebar-layout":"default","site-content-layout":"","ast-site-content-layout":"default","site-content-style":"default","site-sidebar-style":"default","ast-global-header-display":"","ast-banner-title-visibility":"","ast-main-header-display":"","ast-hfb-above-header-display":"","ast-hfb-below-header-display":"","ast-hfb-mobile-header-display":"","site-post-title":"disabled","ast-breadcrumbs-content":"","ast-featured-img":"","footer-sml-layout":"","ast-disable-related-posts":"","theme-transparent-header-meta":"","adv-header-id-meta":"","stick-header-meta":"","header-above-stick-meta":"","header-main-stick-meta":"","header-below-stick-meta":"","astra-migrate-meta-layouts":"default","ast-page-background-enabled":"default","ast-page-background-meta":{"desktop":{"background-color":"var(--ast-global-color-4)","background-image":"","background-repeat":"repeat","background-position":"center center","background-size":"auto","background-attachment":"scroll","background-type":"","background-media":"","overlay-type":"","overlay-color":"","overlay-opacity":"","overlay-gradient":""},"tablet":{"background-color":"","background-image":"","background-repeat":"repeat","background-position":"center center","background-size":"auto","background-attachment":"scroll","background-type":"","background-media":"","overlay-type":"","overlay-color":"","overlay-opacity":"","overlay-gradient":""},"mobile":{"background-color":"","background-image":"","background-repeat":"repeat","background-position":"center center","background-size":"auto","background-attachment":"scroll","background-type":"","background-media":"","overlay-type":"","overlay-color":"","overlay-opacity":"","overlay-gradient":""}},"ast-content-background-meta":{"desktop":{"background-color":"var(--ast-global-color-5)","background-image":"","background-repeat":"repeat","background-position":"center center","background-size":"auto","background-attachment":"scroll","background-type":"","background-media":"","overlay-type":"","overlay-color":"","overlay-opacity":"","overlay-gradient":""},"tablet":{"background-color":"var(--ast-global-color-5)","background-image":"","background-repeat":"repeat","background-position":"center center","background-size":"auto","background-attachment":"scroll","background-type":"","background-media":"","overlay-type":"","overlay-color":"","overlay-opacity":"","overlay-gradient":""},"mobile":{"background-color":"var(--ast-global-color-5)","background-image":"","background-repeat":"repeat","background-position":"center center","background-size":"auto","background-attachment":"scroll","background-type":"","background-media":"","overlay-type":"","overlay-color":"","overlay-opacity":"","overlay-gradient":""}},"footnotes":""},"class_list":["post-251","page","type-page","status-publish","hentry"],"jetpack_sharing_enabled":true,"_links":{"self":[{"href":"https:\/\/rising-bits.com\/en\/wp-json\/wp\/v2\/pages\/251","targetHints":{"allow":["GET"]}}],"collection":[{"href":"https:\/\/rising-bits.com\/en\/wp-json\/wp\/v2\/pages"}],"about":[{"href":"https:\/\/rising-bits.com\/en\/wp-json\/wp\/v2\/types\/page"}],"author":[{"embeddable":true,"href":"https:\/\/rising-bits.com\/en\/wp-json\/wp\/v2\/users\/1"}],"replies":[{"embeddable":true,"href":"https:\/\/rising-bits.com\/en\/wp-json\/wp\/v2\/comments?post=251"}],"version-history":[{"count":14,"href":"https:\/\/rising-bits.com\/en\/wp-json\/wp\/v2\/pages\/251\/revisions"}],"predecessor-version":[{"id":694,"href":"https:\/\/rising-bits.com\/en\/wp-json\/wp\/v2\/pages\/251\/revisions\/694"}],"wp:attachment":[{"href":"https:\/\/rising-bits.com\/en\/wp-json\/wp\/v2\/media?parent=251"}],"curies":[{"name":"wp","href":"https:\/\/api.w.org\/{rel}","templated":true}]}}