{"id":282,"date":"2023-01-02T17:37:26","date_gmt":"2023-01-02T16:37:26","guid":{"rendered":"https:\/\/rising-bits.com\/?page_id=282"},"modified":"2023-04-17T11:40:52","modified_gmt":"2023-04-17T09:40:52","slug":"passwort-generator","status":"publish","type":"page","link":"https:\/\/rising-bits.com\/en\/tools\/passwort-generator\/","title":{"rendered":"Passwort Generator"},"content":{"rendered":"<div class=\"inherit-container-width wp-block-group alignfull is-layout-constrained wp-container-core-group-is-layout-75294154 wp-block-group-is-layout-constrained\" style=\"padding-top:0;padding-right:0;padding-bottom:0;padding-left:0\">\n<div class=\"wp-block-columns is-layout-flex wp-container-core-columns-is-layout-28f84493 wp-block-columns-is-layout-flex\">\n<div class=\"wp-block-column is-layout-flow wp-block-column-is-layout-flow\">\n<h2 class=\"wp-block-heading\">Schwach<\/h2>\n\n\n\n<p><strong>10 Zeichen<\/strong> langes Kennwort, welches man sich leicht merken kann. Es werden Zahlen, Klein- und Gro\u00dfbuchstaben verwendet.<br>&nbsp;<\/p>\n\n\n\n<pre class=\"wp-block-code\"><code id=\"simplePassword\"><\/code><\/pre>\n\n\n\n<div class=\"wp-block-buttons is-layout-flex wp-block-buttons-is-layout-flex\">\n<div class=\"wp-block-button\"><a class=\"wp-block-button__link wp-element-button\" onclick=\"copy(document.getElementById('simplePassword'))\">To clipboard<\/a><\/div>\n<\/div>\n<\/div>\n\n\n\n<div class=\"wp-block-column is-layout-flow wp-block-column-is-layout-flow\">\n<h2 class=\"wp-block-heading\">Stark<\/h2>\n\n\n\n<p><strong>15 Zeichen<\/strong> langes Kennwort, welches man sich nicht ohne weiteres so leicht merken kann. Es werden Zahlen, Klein- und Gro\u00dfbuchstaben, sowie Sonderzeichen verwendet.<\/p>\n\n\n\n<pre class=\"wp-block-code\"><code id=\"strongPassword\"><\/code><\/pre>\n\n\n\n<div class=\"wp-block-buttons is-layout-flex wp-block-buttons-is-layout-flex\">\n<div class=\"wp-block-button\"><a class=\"wp-block-button__link wp-element-button\" onclick=\"copy(document.getElementById('strongPassword'))\">To clipboard<\/a><\/div>\n<\/div>\n<\/div>\n\n\n\n<div class=\"wp-block-column is-layout-flow wp-block-column-is-layout-flow\">\n<h2 class=\"wp-block-heading\">Ultra<\/h2>\n\n\n\n<p><strong>30 Zeichen<\/strong> langes Kennwort, welches man sich in einem Tresor abspeichern sollte. Es werden Zahlen, Klein- und Gro\u00dfbuchstaben, sowie Sonderzeichen verwendet.<\/p>\n\n\n\n<pre class=\"wp-block-code\"><code id=\"ultraPassword\"><\/code><\/pre>\n\n\n\n<div class=\"wp-block-buttons is-layout-flex wp-block-buttons-is-layout-flex\">\n<div class=\"wp-block-button\"><a class=\"wp-block-button__link wp-element-button\" onclick=\"copy(document.getElementById('ultraPassword'))\">To clipboard<\/a><\/div>\n<\/div>\n<\/div>\n<\/div>\n<\/div>\n\n\n\n<script>\nconst simpleCharacters = 'ABCDEFGHIJKLMNOPQRSTUVWXYZabcdefghijklmnopqrstuvwxyz0123456789'\nconst extendedCharacters = simpleCharacters + '!\u00a7$%&\/()=?[]|{}*+#-,;.:<>'\nconst generatePassword = (length, characters) => {\n    var result           = ''\n    for(var i = 0; i < length; i++) {\n        result += characters.charAt(Math.floor(Math.random() * characters.length))\n    }\n    return result\n}\ndocument.getElementById('simplePassword').textContent=generatePassword(10,simpleCharacters)\ndocument.getElementById('strongPassword').textContent=generatePassword(15,extendedCharacters)\ndocument.getElementById('ultraPassword').textContent=generatePassword(30,extendedCharacters)\n<\/script>\n\n\n\n<script>\n    const copy = (node) => navigator.clipboard.writeText(node.textContent)\n<\/script>\n\n\n\n<h2 class=\"wp-block-heading top1em\">Die 6 Merkmale eines sicheren Kennworts<\/h2>\n\n\n\n<p>Ein sicheres Passwort ist ein wichtiger Bestandteil der IT-Sicherheit und sch\u00fctzt Ihre Online-Konten vor unbefugtem Zugriff. Ein sicheres Kennwort sollte folgende Merkmale aufweisen:<\/p>\n\n\n\n<ol class=\"wp-block-list\">\n<li>Komplexit\u00e4t: Ein sicheres Kennwort sollte aus einer Kombination von Buchstaben (Gro\u00df- und Kleinbuchstaben), Zahlen und Sonderzeichen bestehen. Je l\u00e4nger und komplexer das Kennwort ist, desto schwieriger ist es f\u00fcr Angreifer, es zu erraten oder zu knacken.<\/li>\n\n\n\n<li>Einzigartigkeit: Verwenden Sie f\u00fcr jedes Online-Konto ein eigenes Kennwort, um sicherzustellen, dass ein Kompromittieren eines Kontos nicht automatisch zum Kompromittieren aller anderen Konten f\u00fchrt.<\/li>\n\n\n\n<li>Vermeidung von g\u00e4ngigen Begriffen: Verwenden Sie keine g\u00e4ngigen W\u00f6rter oder Begriffe, die leicht zu erraten sind, wie beispielsweise \"Passwort\" oder \"123456\".<\/li>\n\n\n\n<li>Keine pers\u00f6nlichen Informationen: Vermeiden Sie die Verwendung von pers\u00f6nlichen Informationen wie Geburtsdatum, Name oder Telefonnummer, da diese leicht zug\u00e4nglich sind und von Angreifern verwendet werden k\u00f6nnen.<\/li>\n\n\n\n<li>Regelm\u00e4\u00dfige \u00c4nderungen: \u00c4ndern Sie Ihre Kennw\u00f6rter regelm\u00e4\u00dfig, um sicherzustellen, dass sie nicht kompromittiert wurden.<\/li>\n\n\n\n<li>Verwendung eines Passwort-Managers: Ein Passwort-Manager kann Ihnen helfen, starke und einzigartige Kennw\u00f6rter f\u00fcr jedes Konto zu generieren und zu speichern, so dass Sie sich nicht jedes Kennwort merken m\u00fcssen.<\/li>\n<\/ol>\n\n\n\n<p>Es ist wichtig, sichere Kennw\u00f6rter zu verwenden, um Ihre pers\u00f6nlichen Daten und Konten vor Cyberkriminellen zu sch\u00fctzen. Durch die Einhaltung der oben genannten Merkmale k\u00f6nnen Sie ein starkes und sicheres Kennwort erstellen, das Ihr Konto sch\u00fctzt.<\/p>","protected":false},"excerpt":{"rendered":"<p>Schwach 10 Zeichen langes Kennwort, welches man sich leicht merken kann. Es werden Zahlen, Klein- und Gro\u00dfbuchstaben verwendet.&nbsp; Stark 15 [&hellip;]<\/p>\n","protected":false},"author":1,"featured_media":0,"parent":158,"menu_order":0,"comment_status":"closed","ping_status":"closed","template":"","meta":{"inline_featured_image":false,"site-sidebar-layout":"default","site-content-layout":"","ast-site-content-layout":"default","site-content-style":"default","site-sidebar-style":"default","ast-global-header-display":"","ast-banner-title-visibility":"","ast-main-header-display":"","ast-hfb-above-header-display":"","ast-hfb-below-header-display":"","ast-hfb-mobile-header-display":"","site-post-title":"","ast-breadcrumbs-content":"","ast-featured-img":"","footer-sml-layout":"","ast-disable-related-posts":"","theme-transparent-header-meta":"","adv-header-id-meta":"","stick-header-meta":"","header-above-stick-meta":"","header-main-stick-meta":"","header-below-stick-meta":"","astra-migrate-meta-layouts":"default","ast-page-background-enabled":"default","ast-page-background-meta":{"desktop":{"background-color":"var(--ast-global-color-4)","background-image":"","background-repeat":"repeat","background-position":"center center","background-size":"auto","background-attachment":"scroll","background-type":"","background-media":"","overlay-type":"","overlay-color":"","overlay-opacity":"","overlay-gradient":""},"tablet":{"background-color":"","background-image":"","background-repeat":"repeat","background-position":"center center","background-size":"auto","background-attachment":"scroll","background-type":"","background-media":"","overlay-type":"","overlay-color":"","overlay-opacity":"","overlay-gradient":""},"mobile":{"background-color":"","background-image":"","background-repeat":"repeat","background-position":"center center","background-size":"auto","background-attachment":"scroll","background-type":"","background-media":"","overlay-type":"","overlay-color":"","overlay-opacity":"","overlay-gradient":""}},"ast-content-background-meta":{"desktop":{"background-color":"var(--ast-global-color-5)","background-image":"","background-repeat":"repeat","background-position":"center center","background-size":"auto","background-attachment":"scroll","background-type":"","background-media":"","overlay-type":"","overlay-color":"","overlay-opacity":"","overlay-gradient":""},"tablet":{"background-color":"var(--ast-global-color-5)","background-image":"","background-repeat":"repeat","background-position":"center center","background-size":"auto","background-attachment":"scroll","background-type":"","background-media":"","overlay-type":"","overlay-color":"","overlay-opacity":"","overlay-gradient":""},"mobile":{"background-color":"var(--ast-global-color-5)","background-image":"","background-repeat":"repeat","background-position":"center center","background-size":"auto","background-attachment":"scroll","background-type":"","background-media":"","overlay-type":"","overlay-color":"","overlay-opacity":"","overlay-gradient":""}},"footnotes":""},"class_list":["post-282","page","type-page","status-publish","hentry"],"jetpack_sharing_enabled":true,"_links":{"self":[{"href":"https:\/\/rising-bits.com\/en\/wp-json\/wp\/v2\/pages\/282","targetHints":{"allow":["GET"]}}],"collection":[{"href":"https:\/\/rising-bits.com\/en\/wp-json\/wp\/v2\/pages"}],"about":[{"href":"https:\/\/rising-bits.com\/en\/wp-json\/wp\/v2\/types\/page"}],"author":[{"embeddable":true,"href":"https:\/\/rising-bits.com\/en\/wp-json\/wp\/v2\/users\/1"}],"replies":[{"embeddable":true,"href":"https:\/\/rising-bits.com\/en\/wp-json\/wp\/v2\/comments?post=282"}],"version-history":[{"count":48,"href":"https:\/\/rising-bits.com\/en\/wp-json\/wp\/v2\/pages\/282\/revisions"}],"predecessor-version":[{"id":650,"href":"https:\/\/rising-bits.com\/en\/wp-json\/wp\/v2\/pages\/282\/revisions\/650"}],"up":[{"embeddable":true,"href":"https:\/\/rising-bits.com\/en\/wp-json\/wp\/v2\/pages\/158"}],"wp:attachment":[{"href":"https:\/\/rising-bits.com\/en\/wp-json\/wp\/v2\/media?parent=282"}],"curies":[{"name":"wp","href":"https:\/\/api.w.org\/{rel}","templated":true}]}}