{"id":3,"date":"2022-06-16T12:42:38","date_gmt":"2022-06-16T10:42:38","guid":{"rendered":"https:\/\/rising-bits.com\/?page_id=3"},"modified":"2023-04-18T12:45:29","modified_gmt":"2023-04-18T10:45:29","slug":"datenschutzerklaerung","status":"publish","type":"page","link":"https:\/\/rising-bits.com\/en\/datenschutzerklaerung\/","title":{"rendered":"Privacy policy"},"content":{"rendered":"<h4 class=\"wp-block-heading\">Wer wir sind<\/h4>\n\n\n\n<p>Die Adresse unserer Website ist: https:\/\/rising-bits.com.<\/p>\n\n\n\n<h4 class=\"wp-block-heading\">Kommentar\u00adfunktion auf dieser Website<\/h4>\n\n\n\n<p>F\u00fcr die Kommentarfunktion auf dieser Seite werden neben Ihrem Kommentar auch Angaben zum Zeitpunkt der Erstellung des Kommentars, Ihre E-Mail-Adresse und, wenn Sie nicht anonym posten, der von Ihnen gew\u00e4hlte Nutzername gespeichert.<\/p>\n\n\n\n<h4 class=\"wp-block-heading\">Speicherung der IP-Adresse<\/h4>\n\n\n\n<p>Unsere Kommentarfunktion speichert die IP-Adressen der Nutzer, die Kommentare verfassen. Da wir Kommentare auf dieser Website nicht vor der Freischaltung pr\u00fcfen, ben\u00f6tigen wir diese Daten, um im Falle von Rechtsverletzungen wie Beleidigungen oder Propaganda gegen den Verfasser vorgehen zu k\u00f6nnen.<\/p>\n\n\n\n<h4 class=\"wp-block-heading\">Speicherdauer der Kommentare<\/h4>\n\n\n\n<p>Die Kommentare und die damit verbundenen Daten werden gespeichert und verbleiben auf dieser Website, bis der kommentierte Inhalt vollst\u00e4ndig gel\u00f6scht wurde oder die Kommentare aus rechtlichen Gr\u00fcnden gel\u00f6scht werden m\u00fcssen (z.\u00a0B. beleidigende Kommentare).<\/p>\n\n\n\n<h4 class=\"wp-block-heading\">Cookies<\/h4>\n\n\n\n<p>Wenn du einen Kommentar auf unserer Website schreibst, kann das eine Einwilligung sein, deinen Namen, E-Mail-Adresse und Website in Cookies zu speichern. Dies ist eine Komfortfunktion, damit du nicht, wenn du einen weiteren Kommentar schreibst, all diese Daten erneut eingeben musst. Diese Cookies werden ein Jahr lang gespeichert.<\/p>\n\n\n\n<p>Falls du ein Konto hast und dich auf dieser Website anmeldest, werden wir ein tempor\u00e4res Cookie setzen, um festzustellen, ob dein Browser Cookies akzeptiert. Dieses Cookie enth\u00e4lt keine personenbezogenen Daten und wird verworfen, wenn du deinen Browser schlie\u00dft.<\/p>\n\n\n\n<p>Wenn du dich anmeldest, werden wir einige Cookies einrichten, um deine Anmeldeinformationen und Anzeigeoptionen zu speichern. Anmelde-Cookies verfallen nach zwei Tagen und Cookies f\u00fcr die Anzeigeoptionen nach einem Jahr. Falls du bei der Anmeldung \u201eAngemeldet bleiben\u201c ausw\u00e4hlst, wird deine Anmeldung zwei Wochen lang aufrechterhalten. Mit der Abmeldung aus deinem Konto werden die Anmelde-Cookies gel\u00f6scht.<\/p>\n\n\n\n<p>Wenn du einen Artikel bearbeitest oder ver\u00f6ffentlichst, wird ein zus\u00e4tzlicher Cookie in deinem Browser gespeichert. Dieser Cookie enth\u00e4lt keine personenbezogenen Daten und verweist nur auf die Beitrags-ID des Artikels, den du gerade bearbeitet hast. Der Cookie verf\u00e4llt nach einem Tag.<\/p>\n\n\n\n<h4 class=\"wp-block-heading\">Rechtsgrundlage<\/h4>\n\n\n\n<p>Die Speicherung der Kommentare erfolgt auf Grundlage Ihrer Einwilligung (Art. 6 Abs. 1 lit. a DSGVO). Sie k\u00f6nnen eine von Ihnen erteilte Einwilligung jederzeit widerrufen. Dazu reicht eine formlose Mitteilung per E-Mail an uns. Die Rechtm\u00e4\u00dfigkeit der bereits erfolgten Datenverarbeitungsvorg\u00e4nge bleibt vom Widerruf unber\u00fchrt.<\/p>\n\n\n\n<h4 class=\"wp-block-heading\">Medien<\/h4>\n\n\n\n<p>Wenn du ein registrierter Benutzer bist und Fotos auf diese Website l\u00e4dst, solltest du vermeiden, Fotos mit einem EXIF-GPS-Standort hochzuladen. Besucher dieser Website k\u00f6nnten Fotos, die auf dieser Website gespeichert sind, herunterladen und deren Standort-Informationen extrahieren.<\/p>\n\n\n\n<h4 class=\"wp-block-heading\">Cloudflare<\/h4>\n\n\n\n<p>Wir nutzen den Service \u201eCloudflare\u201c. Anbieter ist die Cloudflare Inc., 101 Townsend St., San Francisco, CA 94107, USA (im Folgenden \u201eCloudflare\u201d).<\/p>\n\n\n\n<p>Cloudflare bietet ein weltweit verteiltes Content Delivery Network mit DNS an. Dabei wird technisch der Informationstransfer zwischen Ihrem Browser und unserer Website \u00fcber das Netzwerk von Cloudflare geleitet. Das versetzt Cloudflare in die Lage, den Datenverkehr zwischen Ihrem Browser und unserer Website zu analysieren und als Filter zwischen unseren Servern und potenziell b\u00f6sartigem Datenverkehr aus dem Internet zu dienen. Hierbei kann Cloudflare auch Cookies oder sonstige Technologien zur Wiedererkennung von Internetnutzern einsetzen, die jedoch allein zum hier beschriebenen Zweck verwendet werden.<\/p>\n\n\n\n<p>Der Einsatz von Cloudflare beruht auf unserem berechtigten Interesse an einer m\u00f6glichst fehlerfreien und sicheren Bereitstellung unseres Webangebotes (Art. 6 Abs. 1 lit. f DSGVO).<\/p>\n\n\n\n<p>Die Daten\u00fcbertragung in die USA wird auf die Standardvertragsklauseln der EU-Kommission gest\u00fctzt. Details finden Sie hier:&nbsp;<a href=\"https:\/\/www.cloudflare.com\/media\/pdf\/cloudflare-customer-dpa.pdf\" target=\"_blank\" rel=\"noreferrer noopener\">https:\/\/www.cloudflare.com\/media\/pdf\/cloudflare-customer-dpa.pdf<\/a>.<\/p>\n\n\n\n<p>Weitere Informationen zum Thema Sicherheit und Datenschutz bei Cloudflare finden Sie hier:\u00a0<a rel=\"noreferrer noopener\" href=\"https:\/\/www.cloudflare.com\/privacypolicy\/\" target=\"_blank\">https:\/\/www.cloudflare.com\/privacypolicy\/<\/a>.<\/p>\n\n\n\n<h4 class=\"wp-block-heading\">Google Fonts<\/h4>\n\n\n\n<p>Diese Website nutzt zur einheitlichen Darstellung von Schriftarten Google Fonts. Google Fonts ist ein Dienst der Google LLC, 1600 Amphitheatre Parkway, Mountain View, CA 94043, USA (\u201eGoogle\u201c).<\/p>\n\n\n\n<p>Die Einbindung von Google Fonts erfolgt durch einen Serveraufruf bei Google in den USA. Dabei werden Informationen dar\u00fcber an Google \u00fcbermittelt, welche unserer Internetseiten Sie besucht haben. Auch wird die IP-Adresse des Browsers des Endger\u00e4tes des Besuchers dieser Internetseiten von Google gespeichert.<\/p>\n\n\n\n<p>Die Nutzung von Google Fonts erfolgt im Interesse einer ansprechenden Darstellung unserer Online-Angebote. Dies stellt ein berechtigtes Interesse im Sinne von Art. 6 Abs. 1 lit. f DSGVO dar.<\/p>\n\n\n\n<p>Weitere Informationen zum Datenschutz bei Google Fonts finden Sie unter: <a href=\"https:\/\/developers.google.com\/fonts\/faq#what_does_using_the_google_fonts_api_mean_for_the_privacy_of_my_users\">https:\/\/developers.google.com\/fonts\/faq#what_does_using_the_google_fonts_api_mean_for_the_privacy_of_my_users<\/a><\/p>\n\n\n\n<h4 class=\"wp-block-heading\">Google Analytics<\/h4>\n\n\n\n<p>Diese Website nutzt Google Analytics, einen Webanalysedienst der Google LLC, 1600 Amphitheatre Parkway, Mountain View, CA 94043, USA (\u201eGoogle\u201c). Google Analytics verwendet sog. \u201eCookies\u201c, Textdateien, die auf Ihrem Computer gespeichert werden und die eine Analyse der Benutzung der Website durch Sie erm\u00f6glichen.<\/p>\n\n\n\n<p>Die durch das Cookie erzeugten Informationen \u00fcber Ihre Benutzung dieser Website (einschlie\u00dflich Ihrer IP-Adresse) werden an einen Server von Google in den USA \u00fcbertragen und dort gespeichert. Wir haben Google Analytics um den Code \u201eanonymizeIP\u201c erweitert. Dadurch wird Ihre IP-Adresse von Google innerhalb von Mitgliedstaaten der Europ\u00e4ischen Union oder in anderen Vertragsstaaten des Abkommens \u00fcber den Europ\u00e4ischen Wirtschaftsraum zuvor gek\u00fcrzt, was eine Anonymisierung Ihrer Daten erm\u00f6glicht.<\/p>\n\n\n\n<p>Die Nutzung von Google Analytics erfolgt im Interesse einer ansprechenden Darstellung unserer Online-Angebote und einer statistischen Auswertung unserer Webseitenzugriffe. Dies stellt ein berechtigtes Interesse im Sinne von Art. 6 Abs. 1 lit. f DSGVO dar.<\/p>\n\n\n\n<p>Weitere Informationen zum Datenschutz bei Google Analytics finden Sie unter: <a href=\"https:\/\/support.google.com\/analytics\/answer\/6004245\">https:\/\/support.google.com\/analytics\/answer\/6004245<\/a><\/p>\n\n\n\n<h4 class=\"wp-block-heading\">Google reCAPTCHA<\/h4>\n\n\n\n<p>Diese Website nutzt den Dienst reCAPTCHA der Google LLC, 1600 Amphitheatre Parkway, Mountain View, CA 94043, USA (\u201eGoogle\u201c). reCAPTCHA dient der \u00dcberpr\u00fcfung, ob die Eingaben auf dieser Website durch Menschen oder durch automatisierte Programme erfolgen. Dazu wird Ihre IP-Adresse an Google \u00fcbertragen.<\/p>\n\n\n\n<p>Die Nutzung von reCAPTCHA erfolgt im Interesse einer sicheren Gestaltung unserer Online-Angebote und zur Abwehr von Missbrauch und Spam. Dies stellt ein berechtigtes Interesse im Sinne von Art. 6 Abs. 1 lit. f DSGVO dar.<\/p>\n\n\n\n<p>Weitere Informationen zum Datenschutz bei Google reCAPTCHA finden Sie unter: <a href=\"https:\/\/policies.google.com\/privacy\">https:\/\/policies.google.com\/privacy<\/a>?<\/p>\n\n\n\n<h4 class=\"wp-block-heading\">Contact Form 7<\/h4>\n\n\n\n<p>Diese Website nutzt Contact Form 7, ein Plugin f\u00fcr das Content-Management-System WordPress, um Ihnen die M\u00f6glichkeit zu geben, mit uns in Kontakt zu treten. Contact Form 7 wird von Takayuki Miyoshi entwickelt und ist unter der GNU General Public License lizenziert.<\/p>\n\n\n\n<p>Wenn Sie das Kontaktformular ausf\u00fcllen und absenden, werden die von Ihnen eingegebenen Daten an uns per E-Mail gesendet und auf unserem Webserver gespeichert. Die Speicherung der Daten erfolgt im Interesse einer schnellen und unkomplizierten Kommunikation mit Ihnen bzw. zur Bearbeitung Ihrer Anfrage. Dies stellt ein berechtigtes Interesse im Sinne von Art. 6 Abs. 1 lit. f DSGVO dar.<\/p>\n\n\n\n<p>Die von Ihnen eingegebenen Daten werden von uns vertraulich behandelt und nicht an Dritte weitergegeben, es sei denn, dies ist zur Bearbeitung Ihrer Anfrage erforderlich oder es besteht eine gesetzliche Verpflichtung zur Weitergabe der Daten.<\/p>\n\n\n\n<p>Sie haben jederzeit das Recht, Auskunft \u00fcber Ihre bei uns gespeicherten personenbezogenen Daten zu erhalten, sowie das Recht auf Berichtigung, L\u00f6schung oder Einschr\u00e4nkung der Verarbeitung dieser Daten. Bitte wenden Sie sich dazu an die im Impressum angegebenen Kontaktdaten.<\/p>\n\n\n\n<p>Wir weisen darauf hin, dass die Daten\u00fcbertragung im Internet (z.B. bei der Kommunikation per E-Mail) Sicherheitsl\u00fccken aufweisen kann. Ein l\u00fcckenloser Schutz der Daten vor dem Zugriff durch Dritte ist nicht m\u00f6glich.<\/p>\n\n\n\n<p>Durch die Nutzung des Kontaktformulars erkl\u00e4ren Sie sich mit der Verarbeitung Ihrer Daten gem\u00e4\u00df dieser Datenschutzerkl\u00e4rung einverstanden.<\/p>\n\n\n\n<h4 class=\"wp-block-heading\">Optimole<\/h4>\n\n\n\n<p>Diese Website nutzt Optimole, ein Plugin f\u00fcr das Content-Management-System WordPress, um Bilder zu optimieren und schneller zu laden. Optimole wird von Optimole Ltd. entwickelt und bereitgestellt.<\/p>\n\n\n\n<p>Optimole optimiert die Bilder, die auf dieser Website angezeigt werden, um die Ladezeiten zu verk\u00fcrzen. Dazu werden die Bilder an die Server von Optimole \u00fcbertragen, dort optimiert und anschlie\u00dfend an den Browser des Besuchers zur\u00fcckgesendet. Dabei werden folgende Daten an Optimole \u00fcbertragen:<\/p>\n\n\n\n<ul class=\"wp-block-list\">\n<li>IP-Adresse des Besuchers<\/li>\n\n\n\n<li>URL der aufgerufenen Seite<\/li>\n\n\n\n<li>Zeitpunkt des Zugriffs<\/li>\n\n\n\n<li>Informationen \u00fcber den Browser des Besuchers (Typ und Version)<\/li>\n<\/ul>\n\n\n\n<p>Die \u00dcbertragung der Daten erfolgt auf Grundlage von Art. 6 Abs. 1 lit. f DSGVO, da wir ein berechtigtes Interesse an einer schnellen und effizienten Auslieferung der Bilder haben.<\/p>\n\n\n\n<p>Optimole speichert die optimierten Bilder f\u00fcr einen begrenzten Zeitraum auf ihren Servern, um eine schnellere Auslieferung der Bilder bei wiederholtem Aufruf der Webseite zu erm\u00f6glichen.<\/p>\n\n\n\n<p>Optimole verwendet auch Cookies, um die Funktionalit\u00e4t des Dienstes zu gew\u00e4hrleisten. Dabei handelt es sich um kleine Textdateien, die auf Ihrem Endger\u00e4t gespeichert werden. Die in den Cookies gespeicherten Daten werden nicht an Dritte weitergegeben und dienen ausschlie\u00dflich der Optimierung der Bilder auf dieser Website.<\/p>\n\n\n\n<p>Sie haben das Recht, jederzeit Auskunft \u00fcber Ihre bei Optimole gespeicherten personenbezogenen Daten zu erhalten sowie das Recht auf Berichtigung, L\u00f6schung oder Einschr\u00e4nkung der Verarbeitung dieser Daten. Bitte wenden Sie sich dazu an den Datenschutzbeauftragten von Optimole.<\/p>\n\n\n\n<p>Durch die Nutzung dieser Website erkl\u00e4ren Sie sich mit der Verarbeitung Ihrer Daten durch Optimole gem\u00e4\u00df dieser Datenschutzerkl\u00e4rung einverstanden.<\/p>\n\n\n\n<h4 class=\"wp-block-heading\">Eingebettete Inhalte von anderen Websites<\/h4>\n\n\n\n<p>Beitr\u00e4ge auf dieser Website k\u00f6nnen eingebettete Inhalte beinhalten (z.&nbsp;B. Videos, Bilder, Beitr\u00e4ge etc.). Eingebettete Inhalte von anderen Websites verhalten sich exakt so, als ob der Besucher die andere Website besucht h\u00e4tte.<\/p>\n\n\n\n<p>Diese Websites k\u00f6nnen Daten \u00fcber dich sammeln, Cookies benutzen, zus\u00e4tzliche Tracking-Dienste von Dritten einbetten und deine Interaktion mit diesem eingebetteten Inhalt aufzeichnen, inklusive deiner Interaktion mit dem eingebetteten Inhalt, falls du ein Konto hast und auf dieser Website angemeldet bist.<\/p>\n\n\n\n<h4 class=\"wp-block-heading\">Mit wem wir deine Daten teilen<\/h4>\n\n\n\n<p>Wenn du eine Zur\u00fccksetzung des Passworts beantragst, wird deine IP-Adresse in der E-Mail zur Zur\u00fccksetzung enthalten sein.<\/p>\n\n\n\n<h4 class=\"wp-block-heading\">Wie lange wir deine Daten speichern<\/h4>\n\n\n\n<p>Wenn du einen Kommentar schreibst, wird dieser inklusive Metadaten zeitlich unbegrenzt gespeichert. Auf diese Art k\u00f6nnen wir Folgekommentare automatisch erkennen und freigeben, anstatt sie in einer Moderations-Warteschlange festzuhalten.<\/p>\n\n\n\n<p>F\u00fcr Benutzer, die sich auf unserer Website registrieren, speichern wir zus\u00e4tzlich die pers\u00f6nlichen Informationen, die sie in ihren Benutzerprofilen angeben. Alle Benutzer k\u00f6nnen jederzeit ihre pers\u00f6nlichen Informationen einsehen, ver\u00e4ndern oder l\u00f6schen (der Benutzername kann nicht ver\u00e4ndert werden). Administratoren der Website k\u00f6nnen diese Informationen ebenfalls einsehen und ver\u00e4ndern.<\/p>\n\n\n\n<h4 class=\"wp-block-heading\">Hinweis zur Datenweitergabe in die USA<\/h4>\n\n\n\n<p>Auf unserer Website sind unter anderem Tools von Unternehmen mit Sitz in den USA eingebunden. Wenn diese Tools aktiv sind, k\u00f6nnen Ihre personenbezogenen Daten an die US-Server der jeweiligen Unternehmen weitergegeben werden. Wir weisen darauf hin, dass die USA kein sicherer Drittstaat im Sinne des EU-Datenschutzrechts sind. US-Unternehmen sind dazu verpflichtet, personenbezogene Daten an Sicherheitsbeh\u00f6rden herauszugeben, ohne dass Sie als Betroffener hiergegen gerichtlich vorgehen k\u00f6nnten. Es kann daher nicht ausgeschlossen werden, dass US-Beh\u00f6rden (z.B. Geheimdienste) Ihre auf US-Servern befindlichen Daten zu \u00dcberwachungszwecken verarbeiten, auswerten und dauerhaft speichern. Wir haben auf diese Verarbeitungst\u00e4tigkeiten keinen Einfluss.<\/p>\n\n\n\n<h4 class=\"wp-block-heading\">Widerruf Ihrer Einwilligung zur Datenverarbeitung<\/h4>\n\n\n\n<p>Viele Datenverarbeitungsvorg\u00e4nge sind nur mit Ihrer ausdr\u00fccklichen Einwilligung m\u00f6glich. Sie k\u00f6nnen eine bereits erteilte Einwilligung jederzeit widerrufen. Die Rechtm\u00e4\u00dfigkeit der bis zum Widerruf erfolgten Datenverarbeitung bleibt vom Widerruf unber\u00fchrt.<\/p>\n\n\n\n<h4 class=\"wp-block-heading\">Welche Rechte du an deinen Daten hast<\/h4>\n\n\n\n<p>Wenn du ein Konto auf dieser Website besitzt oder Kommentare geschrieben hast, kannst du einen Export deiner personenbezogenen Daten bei uns anfordern, inklusive aller Daten, die du uns mitgeteilt hast. Dar\u00fcber hinaus kannst du die L\u00f6schung aller personenbezogenen Daten, die wir von dir gespeichert haben, anfordern. Dies umfasst nicht die Daten, die wir aufgrund administrativer, rechtlicher oder sicherheitsrelevanter Notwendigkeiten aufbewahren m\u00fcssen.<\/p>\n\n\n\n<h4 class=\"wp-block-heading\">Wohin deine Daten gesendet werden<\/h4>\n\n\n\n<p>Besucher-Kommentare k\u00f6nnten von einem automatisierten Dienst zur Spam-Erkennung untersucht werden.<\/p>\n\n\n\n<h4 class=\"wp-block-heading\">SSL- bzw. TLS-Verschl\u00fcsselung<\/h4>\n\n\n\n<p>Diese Seite nutzt aus Sicherheitsgr\u00fcnden und zum Schutz der \u00dcbertragung vertraulicher Inhalte, wie zum Beispiel Bestellungen oder Anfragen, die Sie an uns als Seitenbetreiber senden, eine SSL- bzw. TLS-Verschl\u00fcsselung. Eine verschl\u00fcsselte Verbindung erkennen Sie daran, dass die Adresszeile des Browsers von \u201ehttp:\/\/\u201c auf \u201ehttps:\/\/\u201c wechselt und an dem Schloss-Symbol in Ihrer Browserzeile.<\/p>\n\n\n\n<p>Wenn die SSL- bzw. TLS-Verschl\u00fcsselung aktiviert ist, k\u00f6nnen die Daten, die Sie an uns \u00fcbermitteln, nicht von Dritten mitgelesen werden.<\/p>\n\n\n\n<h4 class=\"wp-block-heading\">Widerspruchsrecht gegen die Datenerhebung in besonderen F\u00e4llen sowie gegen Direktwerbung (Art. 21 DSGVO)<\/h4>\n\n\n\n<p><strong>WENN DIE DATENVERARBEITUNG AUF GRUNDLAGE VON ART. 6 ABS. 1 LIT. E ODER F DSGVO ERFOLGT, HABEN SIE JEDERZEIT DAS RECHT, AUS GR\u00dcNDEN, DIE SICH AUS IHRER BESONDEREN SITUATION ERGEBEN, GEGEN DIE VERARBEITUNG IHRER PERSONENBEZOGENEN DATEN WIDERSPRUCH EINZULEGEN; DIES GILT AUCH F\u00dcR EIN AUF DIESE BESTIMMUNGEN GEST\u00dcTZTES PROFILING. DIE JEWEILIGE RECHTSGRUNDLAGE, AUF DENEN EINE VERARBEITUNG BERUHT, ENTNEHMEN SIE DIESER DATENSCHUTZERKL\u00c4RUNG. WENN SIE WIDERSPRUCH EINLEGEN, WERDEN WIR IHRE BETROFFENEN PERSONENBEZOGENEN DATEN NICHT MEHR VERARBEITEN, ES SEI DENN, WIR K\u00d6NNEN ZWINGENDE SCHUTZW\u00dcRDIGE GR\u00dcNDE F\u00dcR DIE VERARBEITUNG NACHWEISEN, DIE IHRE INTERESSEN, RECHTE UND FREIHEITEN \u00dcBERWIEGEN ODER DIE VERARBEITUNG DIENT DER GELTENDMACHUNG, AUS\u00dcBUNG ODER VERTEIDIGUNG VON RECHTSANSPR\u00dcCHEN (WIDERSPRUCH NACH ART. 21 ABS. 1 DSGVO).<\/strong><\/p>\n\n\n\n<p><strong>WERDEN IHRE PERSONENBEZOGENEN DATEN VERARBEITET, UM DIREKTWERBUNG ZU BETREIBEN, SO HABEN SIE DAS RECHT, JEDERZEIT WIDERSPRUCH GEGEN DIE VERARBEITUNG SIE BETREFFENDER PERSONENBEZOGENER DATEN ZUM ZWECKE DERARTIGER WERBUNG EINZULEGEN; DIES GILT AUCH F\u00dcR DAS PROFILING, SOWEIT ES MIT SOLCHER DIREKTWERBUNG IN VERBINDUNG STEHT. WENN SIE WIDERSPRECHEN, WERDEN IHRE PERSONENBEZOGENEN DATEN ANSCHLIESSEND NICHT MEHR ZUM ZWECKE DER DIREKTWERBUNG VERWENDET (WIDERSPRUCH NACH ART. 21 ABS. 2 DSGVO).<\/strong><\/p>\n\n\n\n<h4 class=\"wp-block-heading\">Google AdSense<\/h4>\n\n\n\n<p>Diese Website nutzt Google AdSense, einen Dienst zum Einbinden von Werbeanzeigen. Anbieter ist die Google Ireland Limited (\u201eGoogle\u201c), Gordon House, Barrow Street, Dublin 4, Irland.<\/p>\n\n\n\n<p>Mit Hilfe von Google Adsense k\u00f6nnen wir zielgerichtete Werbeanzeigen von Drittunternehmen auf unserer Seite einblenden lassen. Die Inhalte der Werbeanzeigen richten sich hierbei nach Ihren Interessen, die Google anhand Ihres bisherigen Nutzerverhaltens ermittelt. Des Weiteren werden bei der Auswahl der passenden Werbeanzeige auch Kontextinformationen, wie Ihr Standort, der Inhalt der besuchten Webseite oder die von Ihnen eingegeben Google-Suchbegriffe ber\u00fccksichtigt.<\/p>\n\n\n\n<p>Google AdSense verwendet Cookies, Web Beacons (unsichtbare Grafiken) und vergleichbare Wiedererkennungstechnologien. Hiermit k\u00f6nnen Informationen wie der Besucherverkehr auf diesen Seiten ausgewertet werden.<\/p>\n\n\n\n<p>Die von Google Adsense erfassten Informationen \u00fcber die Benutzung dieser Website (einschlie\u00dflich Ihrer IP-Adresse) und Auslieferung von Werbeformaten werden an einen Server von Google in den USA \u00fcbertragen und dort gespeichert. Diese Informationen k\u00f6nnen von Google an Vertragspartner von Google weitergegeben werden. Google wird Ihre IP-Adresse jedoch nicht mit anderen von Ihnen gespeicherten Daten zusammenf\u00fchren.<\/p>\n\n\n\n<p>Die Nutzung von AdSense erfolgt auf Grundlage von Art. 6 Abs. 1 lit. f DSGVO. Der Websitebetreiber hat ein berechtigtes Interesse an einer m\u00f6glichst effektiven Vermarktung seiner Website. Sofern eine entsprechende Einwilligung abgefragt wurde, erfolgt die Verarbeitung ausschlie\u00dflich auf Grundlage von Art. 6 Abs. 1 lit. a DSGVO; die Einwilligung ist jederzeit widerrufbar.<\/p>\n\n\n\n<p>Die Daten\u00fcbertragung in die USA wird auf die Standardvertragsklauseln der EU-Kommission gest\u00fctzt. Details finden Sie hier:&nbsp;<a rel=\"noreferrer noopener\" href=\"https:\/\/privacy.google.com\/businesses\/controllerterms\/mccs\/\" target=\"_blank\">https:\/\/privacy.google.com\/businesses\/controllerterms\/mccs\/<\/a>.<\/p>\n\n\n\n<h4 class=\"wp-block-heading\">IP Anonymisierung<\/h4>\n\n\n\n<p>Wir haben auf dieser Website die Funktion IP-Anonymisierung aktiviert. Dadurch wird Ihre IP-Adresse von Google innerhalb von Mitgliedstaaten der Europ\u00e4ischen Union oder in anderen Vertragsstaaten des Abkommens \u00fcber den Europ\u00e4ischen Wirtschaftsraum vor der \u00dcbermittlung in die USA gek\u00fcrzt. Nur in Ausnahmef\u00e4llen wird die volle IP-Adresse an einen Server von Google in den USA \u00fcbertragen und dort gek\u00fcrzt. Im Auftrag des Betreibers dieser Website wird Google diese Informationen benutzen, um Ihre Nutzung der Website auszuwerten, um Reports \u00fcber die Websiteaktivit\u00e4ten zusammenzustellen und um weitere mit der Websitenutzung und der Internetnutzung verbundene Dienstleistungen gegen\u00fcber dem Websitebetreiber zu erbringen. Die im Rahmen von Google Analytics von Ihrem Browser \u00fcbermittelte IP-Adresse wird nicht mit anderen Daten von Google zusammengef\u00fchrt.<\/p>\n\n\n\n<h4 class=\"wp-block-heading\">Cookie Banner<\/h4>\n\n\n\n<p>Zur Verwaltung der eingesetzten Cookies und \u00e4hnlichen Technologien (Tracking-Pixel, Web-Beacons etc.) und diesbez\u00fcglicher Einwilligungen setzen wir das Consent Tool &#8222;Real Cookie Banner&#8220; ein. Details zur Funktionsweise von &#8222;Real Cookie Banner&#8220; findest du unter <a rel=\"noreferrer noopener\" href=\"https:\/\/devowl.io\/de\/rcb\/datenverarbeitung\/\" target=\"_blank\">https:\/\/devowl.io\/de\/rcb\/datenverarbeitung\/<\/a>.<\/p>\n\n\n\n<p>Rechtsgrundlagen f\u00fcr die Verarbeitung von personenbezogenen Daten in diesem Zusammenhang sind Art. 6 Abs. 1 lit. c DS-GVO und Art. 6 Abs. 1 lit. f DS-GVO. Unser berechtigtes Interesse ist die Verwaltung der eingesetzten Cookies und \u00e4hnlichen Technologien und der diesbez\u00fcglichen Einwilligungen.<\/p>\n\n\n\n<p>Die Bereitstellung der personenbezogenen Daten ist weder vertraglich vorgeschrieben noch f\u00fcr den Abschluss eines Vertrages notwendig. Du bist nicht verpflichtet die personenbezogenen Daten bereitzustellen. Wenn du die personenbezogenen Daten nicht bereitstellst, k\u00f6nnen wir deine Einwilligungen nicht verwalten.<\/p>","protected":false},"excerpt":{"rendered":"<p>Wer wir sind Die Adresse unserer Website ist: https:\/\/rising-bits.com. Kommentar\u00adfunktion auf dieser Website F\u00fcr die Kommentarfunktion auf dieser Seite werden [&hellip;]<\/p>\n","protected":false},"author":1,"featured_media":0,"parent":0,"menu_order":0,"comment_status":"closed","ping_status":"open","template":"","meta":{"inline_featured_image":false,"site-sidebar-layout":"default","site-content-layout":"","ast-site-content-layout":"default","site-content-style":"default","site-sidebar-style":"default","ast-global-header-display":"","ast-banner-title-visibility":"","ast-main-header-display":"","ast-hfb-above-header-display":"","ast-hfb-below-header-display":"","ast-hfb-mobile-header-display":"","site-post-title":"","ast-breadcrumbs-content":"","ast-featured-img":"","footer-sml-layout":"","ast-disable-related-posts":"","theme-transparent-header-meta":"","adv-header-id-meta":"","stick-header-meta":"","header-above-stick-meta":"","header-main-stick-meta":"","header-below-stick-meta":"","astra-migrate-meta-layouts":"default","ast-page-background-enabled":"default","ast-page-background-meta":{"desktop":{"background-color":"var(--ast-global-color-4)","background-image":"","background-repeat":"repeat","background-position":"center center","background-size":"auto","background-attachment":"scroll","background-type":"","background-media":"","overlay-type":"","overlay-color":"","overlay-opacity":"","overlay-gradient":""},"tablet":{"background-color":"","background-image":"","background-repeat":"repeat","background-position":"center center","background-size":"auto","background-attachment":"scroll","background-type":"","background-media":"","overlay-type":"","overlay-color":"","overlay-opacity":"","overlay-gradient":""},"mobile":{"background-color":"","background-image":"","background-repeat":"repeat","background-position":"center center","background-size":"auto","background-attachment":"scroll","background-type":"","background-media":"","overlay-type":"","overlay-color":"","overlay-opacity":"","overlay-gradient":""}},"ast-content-background-meta":{"desktop":{"background-color":"var(--ast-global-color-5)","background-image":"","background-repeat":"repeat","background-position":"center center","background-size":"auto","background-attachment":"scroll","background-type":"","background-media":"","overlay-type":"","overlay-color":"","overlay-opacity":"","overlay-gradient":""},"tablet":{"background-color":"var(--ast-global-color-5)","background-image":"","background-repeat":"repeat","background-position":"center center","background-size":"auto","background-attachment":"scroll","background-type":"","background-media":"","overlay-type":"","overlay-color":"","overlay-opacity":"","overlay-gradient":""},"mobile":{"background-color":"var(--ast-global-color-5)","background-image":"","background-repeat":"repeat","background-position":"center center","background-size":"auto","background-attachment":"scroll","background-type":"","background-media":"","overlay-type":"","overlay-color":"","overlay-opacity":"","overlay-gradient":""}},"footnotes":""},"class_list":["post-3","page","type-page","status-publish","hentry"],"jetpack_sharing_enabled":true,"_links":{"self":[{"href":"https:\/\/rising-bits.com\/en\/wp-json\/wp\/v2\/pages\/3","targetHints":{"allow":["GET"]}}],"collection":[{"href":"https:\/\/rising-bits.com\/en\/wp-json\/wp\/v2\/pages"}],"about":[{"href":"https:\/\/rising-bits.com\/en\/wp-json\/wp\/v2\/types\/page"}],"author":[{"embeddable":true,"href":"https:\/\/rising-bits.com\/en\/wp-json\/wp\/v2\/users\/1"}],"replies":[{"embeddable":true,"href":"https:\/\/rising-bits.com\/en\/wp-json\/wp\/v2\/comments?post=3"}],"version-history":[{"count":8,"href":"https:\/\/rising-bits.com\/en\/wp-json\/wp\/v2\/pages\/3\/revisions"}],"predecessor-version":[{"id":684,"href":"https:\/\/rising-bits.com\/en\/wp-json\/wp\/v2\/pages\/3\/revisions\/684"}],"wp:attachment":[{"href":"https:\/\/rising-bits.com\/en\/wp-json\/wp\/v2\/media?parent=3"}],"curies":[{"name":"wp","href":"https:\/\/api.w.org\/{rel}","templated":true}]}}