{"id":102,"date":"2022-06-21T16:20:48","date_gmt":"2022-06-21T14:20:48","guid":{"rendered":"https:\/\/rising-bits.com\/?post_type=product&#038;p=102"},"modified":"2023-01-14T17:25:36","modified_gmt":"2023-01-14T16:25:36","slug":"hoody-essential-grau","status":"publish","type":"product","link":"https:\/\/rising-bits.com\/en\/shop\/hoodies\/hoody-essential-grau\/","title":{"rendered":"Hoody &#8222;Essential&#8220; Grau"},"content":{"rendered":"<p>Dieser graue Hoodie zeichnet sich durch eine verstellbare Kapuze, die sehr praktisch ist, sowie eine gro\u00dfe K\u00e4nguru-Tasche an der Vorderseite. Die Innenseite dieses Hoodies besteht aus geb\u00fcrstetem Fleece, einem Futter, das einen guten Schutz gegen Wind und K\u00e4lte im Allgemeinen garantiert.<br \/>\nRising Bits Stick auf der Brust und auf der Logo Stick R\u00fcckseite<br \/>\nDer Artikel besteht zu 65% aus Baumwolle und zu 35% aus Polyester<br \/>\nF\u00fcr den richtigen \u201eOversize-Look\u201c bestelle eine Nummer gr\u00f6\u00dfer<\/p>\n<p>Christopher ist 1,80m gro\u00df und tr\u00e4gt Gr\u00f6\u00dfe L<\/p>\n<h5>Waschhinweise<\/h5>\n<ul>\n<li>Bei 30 Grad pflegeleicht waschen und keinen Weichsp\u00fcler verwenden<\/li>\n<li>Vor dem Waschen und B\u00fcgeln auf links drehen<\/li>\n<li>Nicht in den Trockner geben<\/li>\n<li>Mit \u00e4hnlichen Farben waschen<\/li>\n<\/ul>","protected":false},"excerpt":{"rendered":"<p>Dieser graue Hoodie zeichnet sich durch eine verstellbare Kapuze, die sehr praktisch ist, sowie eine gro\u00dfe K\u00e4nguru-Tasche an der Vorderseite. [&hellip;]<\/p>\n","protected":false},"featured_media":104,"template":"","meta":{"inline_featured_image":false,"site-sidebar-layout":"default","site-content-layout":"default","ast-site-content-layout":"default","site-content-style":"default","site-sidebar-style":"default","ast-global-header-display":"","ast-banner-title-visibility":"","ast-main-header-display":"","ast-hfb-above-header-display":"","ast-hfb-below-header-display":"","ast-hfb-mobile-header-display":"","site-post-title":"","ast-breadcrumbs-content":"","ast-featured-img":"","footer-sml-layout":"","ast-disable-related-posts":"","theme-transparent-header-meta":"default","adv-header-id-meta":"","stick-header-meta":"default","header-above-stick-meta":"","header-main-stick-meta":"","header-below-stick-meta":"","astra-migrate-meta-layouts":"default","ast-page-background-enabled":"default","ast-page-background-meta":{"desktop":{"background-color":"var(--ast-global-color-4)","background-image":"","background-repeat":"repeat","background-position":"center center","background-size":"auto","background-attachment":"scroll","background-type":"","background-media":"","overlay-type":"","overlay-color":"","overlay-opacity":"","overlay-gradient":""},"tablet":{"background-color":"","background-image":"","background-repeat":"repeat","background-position":"center center","background-size":"auto","background-attachment":"scroll","background-type":"","background-media":"","overlay-type":"","overlay-color":"","overlay-opacity":"","overlay-gradient":""},"mobile":{"background-color":"","background-image":"","background-repeat":"repeat","background-position":"center center","background-size":"auto","background-attachment":"scroll","background-type":"","background-media":"","overlay-type":"","overlay-color":"","overlay-opacity":"","overlay-gradient":""}},"ast-content-background-meta":{"desktop":{"background-color":"var(--ast-global-color-5)","background-image":"","background-repeat":"repeat","background-position":"center center","background-size":"auto","background-attachment":"scroll","background-type":"","background-media":"","overlay-type":"","overlay-color":"","overlay-opacity":"","overlay-gradient":""},"tablet":{"background-color":"var(--ast-global-color-5)","background-image":"","background-repeat":"repeat","background-position":"center center","background-size":"auto","background-attachment":"scroll","background-type":"","background-media":"","overlay-type":"","overlay-color":"","overlay-opacity":"","overlay-gradient":""},"mobile":{"background-color":"var(--ast-global-color-5)","background-image":"","background-repeat":"repeat","background-position":"center center","background-size":"auto","background-attachment":"scroll","background-type":"","background-media":"","overlay-type":"","overlay-color":"","overlay-opacity":"","overlay-gradient":""}},"jetpack_publicize_message":"","jetpack_publicize_feature_enabled":true,"jetpack_social_post_already_shared":false,"jetpack_social_options":{"image_generator_settings":{"template":"highway","default_image_id":0,"font":"","enabled":false},"version":2}},"product_brand":[],"product_cat":[41],"product_tag":[],"class_list":{"0":"post-102","1":"product","2":"type-product","3":"status-publish","4":"has-post-thumbnail","6":"product_cat-hoodies","7":"desktop-align-left","8":"tablet-align-left","9":"mobile-align-left","10":"ast-product-gallery-layout-horizontal-slider","11":"ast-product-single-variable","12":"ast-product-tabs-layout-horizontal","14":"first","15":"instock","16":"taxable","17":"shipping-taxable","18":"purchasable","19":"product-type-variable"},"jetpack_publicize_connections":[],"jetpack_sharing_enabled":true,"_links":{"self":[{"href":"https:\/\/rising-bits.com\/en\/wp-json\/wp\/v2\/product\/102","targetHints":{"allow":["GET"]}}],"collection":[{"href":"https:\/\/rising-bits.com\/en\/wp-json\/wp\/v2\/product"}],"about":[{"href":"https:\/\/rising-bits.com\/en\/wp-json\/wp\/v2\/types\/product"}],"wp:featuredmedia":[{"embeddable":true,"href":"https:\/\/rising-bits.com\/en\/wp-json\/wp\/v2\/media\/104"}],"wp:attachment":[{"href":"https:\/\/rising-bits.com\/en\/wp-json\/wp\/v2\/media?parent=102"}],"wp:term":[{"taxonomy":"product_brand","embeddable":true,"href":"https:\/\/rising-bits.com\/en\/wp-json\/wp\/v2\/product_brand?post=102"},{"taxonomy":"product_cat","embeddable":true,"href":"https:\/\/rising-bits.com\/en\/wp-json\/wp\/v2\/product_cat?post=102"},{"taxonomy":"product_tag","embeddable":true,"href":"https:\/\/rising-bits.com\/en\/wp-json\/wp\/v2\/product_tag?post=102"}],"curies":[{"name":"wp","href":"https:\/\/api.w.org\/{rel}","templated":true}]}}