{"id":226,"date":"2022-12-28T19:23:59","date_gmt":"2022-12-28T18:23:59","guid":{"rendered":"https:\/\/rising-bits.com\/?post_type=product&#038;p=226"},"modified":"2023-01-14T17:27:34","modified_gmt":"2023-01-14T16:27:34","slug":"cap-essential-schwarz","status":"publish","type":"product","link":"https:\/\/rising-bits.com\/en\/shop\/caps\/cap-essential-schwarz\/","title":{"rendered":"Cap &#8222;Essential&#8220; Schwarz"},"content":{"rendered":"<p>Bleib cool im Stil mit der offiziellen Rising Bits\u00a0&#8222;Essential&#8220; Trucker Cap. Die in Schwarz gehaltene leere A-Rahmenkrone ist mit einem geschwungenen Visier zum Schutz vor den Elementen gepaart und profitiert auch von einem Schnappverschluss, der eine anpassbare Gr\u00f6\u00dfe erm\u00f6glicht. Die Cap basiert auf beste New Era Qualit\u00e4t, welches mit dem Flaggenlogo links gestickt ist. Zus\u00e4tzlich ist das unverkennbare Rising Bits Logo auf der rechten Seite abgebildet.<\/p>","protected":false},"excerpt":{"rendered":"<p>Bleib cool im Stil mit der offiziellen Rising Bits\u00a0&#8222;Essential&#8220; Trucker Cap. Die in Schwarz gehaltene leere A-Rahmenkrone ist mit einem [&hellip;]<\/p>\n","protected":false},"featured_media":227,"template":"","meta":{"inline_featured_image":false,"site-sidebar-layout":"default","site-content-layout":"default","ast-site-content-layout":"default","site-content-style":"default","site-sidebar-style":"default","ast-global-header-display":"","ast-banner-title-visibility":"","ast-main-header-display":"","ast-hfb-above-header-display":"","ast-hfb-below-header-display":"","ast-hfb-mobile-header-display":"","site-post-title":"","ast-breadcrumbs-content":"","ast-featured-img":"","footer-sml-layout":"","ast-disable-related-posts":"","theme-transparent-header-meta":"default","adv-header-id-meta":"","stick-header-meta":"default","header-above-stick-meta":"","header-main-stick-meta":"","header-below-stick-meta":"","astra-migrate-meta-layouts":"default","ast-page-background-enabled":"default","ast-page-background-meta":{"desktop":{"background-color":"var(--ast-global-color-4)","background-image":"","background-repeat":"repeat","background-position":"center center","background-size":"auto","background-attachment":"scroll","background-type":"","background-media":"","overlay-type":"","overlay-color":"","overlay-opacity":"","overlay-gradient":""},"tablet":{"background-color":"","background-image":"","background-repeat":"repeat","background-position":"center center","background-size":"auto","background-attachment":"scroll","background-type":"","background-media":"","overlay-type":"","overlay-color":"","overlay-opacity":"","overlay-gradient":""},"mobile":{"background-color":"","background-image":"","background-repeat":"repeat","background-position":"center center","background-size":"auto","background-attachment":"scroll","background-type":"","background-media":"","overlay-type":"","overlay-color":"","overlay-opacity":"","overlay-gradient":""}},"ast-content-background-meta":{"desktop":{"background-color":"var(--ast-global-color-5)","background-image":"","background-repeat":"repeat","background-position":"center center","background-size":"auto","background-attachment":"scroll","background-type":"","background-media":"","overlay-type":"","overlay-color":"","overlay-opacity":"","overlay-gradient":""},"tablet":{"background-color":"var(--ast-global-color-5)","background-image":"","background-repeat":"repeat","background-position":"center center","background-size":"auto","background-attachment":"scroll","background-type":"","background-media":"","overlay-type":"","overlay-color":"","overlay-opacity":"","overlay-gradient":""},"mobile":{"background-color":"var(--ast-global-color-5)","background-image":"","background-repeat":"repeat","background-position":"center center","background-size":"auto","background-attachment":"scroll","background-type":"","background-media":"","overlay-type":"","overlay-color":"","overlay-opacity":"","overlay-gradient":""}},"jetpack_publicize_message":"","jetpack_publicize_feature_enabled":true,"jetpack_social_post_already_shared":false,"jetpack_social_options":{"image_generator_settings":{"template":"highway","default_image_id":0,"font":"","enabled":false},"version":2}},"product_brand":[],"product_cat":[73],"product_tag":[],"class_list":{"0":"post-226","1":"product","2":"type-product","3":"status-publish","4":"has-post-thumbnail","6":"product_cat-caps","7":"desktop-align-left","8":"tablet-align-left","9":"mobile-align-left","10":"ast-product-gallery-layout-horizontal-slider","11":"ast-product-gallery-with-no-image","12":"ast-product-single-variable","13":"ast-product-tabs-layout-horizontal","15":"first","16":"instock","17":"taxable","18":"shipping-taxable","19":"purchasable","20":"product-type-variable"},"jetpack_publicize_connections":[],"jetpack_sharing_enabled":true,"_links":{"self":[{"href":"https:\/\/rising-bits.com\/en\/wp-json\/wp\/v2\/product\/226","targetHints":{"allow":["GET"]}}],"collection":[{"href":"https:\/\/rising-bits.com\/en\/wp-json\/wp\/v2\/product"}],"about":[{"href":"https:\/\/rising-bits.com\/en\/wp-json\/wp\/v2\/types\/product"}],"wp:featuredmedia":[{"embeddable":true,"href":"https:\/\/rising-bits.com\/en\/wp-json\/wp\/v2\/media\/227"}],"wp:attachment":[{"href":"https:\/\/rising-bits.com\/en\/wp-json\/wp\/v2\/media?parent=226"}],"wp:term":[{"taxonomy":"product_brand","embeddable":true,"href":"https:\/\/rising-bits.com\/en\/wp-json\/wp\/v2\/product_brand?post=226"},{"taxonomy":"product_cat","embeddable":true,"href":"https:\/\/rising-bits.com\/en\/wp-json\/wp\/v2\/product_cat?post=226"},{"taxonomy":"product_tag","embeddable":true,"href":"https:\/\/rising-bits.com\/en\/wp-json\/wp\/v2\/product_tag?post=226"}],"curies":[{"name":"wp","href":"https:\/\/api.w.org\/{rel}","templated":true}]}}